{"id":8578,"date":"2020-06-18T10:33:59","date_gmt":"2020-06-18T07:33:59","guid":{"rendered":"http:\/\/www.unigrup.com.tr\/?page_id=8578"},"modified":"2021-02-07T22:55:26","modified_gmt":"2021-02-07T19:55:26","slug":"our-team","status":"publish","type":"page","link":"https:\/\/www.unigrup.com.tr\/en\/our-team\/","title":{"rendered":"Our Team"},"content":{"rendered":"<p>[vc_row css=&#8221;.vc_custom_1451991003825{margin-bottom: 100px !important;}&#8221;][vc_column width=&#8221;3\/4&#8243;]<div id=\"awsm-team-8756\" class=\"awsm-grid-wrapper\">\t\n\t\t\t<div class=\"awsm-grid cards-style style-3 grid-3-col \">\n\t\t\t\t\t\t<div id=\"awsm-member-8756-8802\" class=\"awsm-grid-card awsm-team-item awsm-scale-anm awsm-all awsm-board-of-manager\">\n\t\t\t\t   <figure>\n\t\t\t\t      \t\t\t\t\t         <img decoding=\"async\" width=\"500\" height=\"500\" src=\"https:\/\/www.unigrup.com.tr\/wp-content\/uploads\/2019\/11\/muge-pinar.jpg\" class=\"attachment-awsm_team size-awsm_team wp-post-image\" alt=\"\" \/>\t\t\t\t        \t\t\t\t        \t\t\t\t         <figcaption class=\"awsm-figcaption\">\n\t\t\t\t         \t\t\t\t\t            <div class=\"awsm-personal-info\">\n\t\t\t\t               <h3>M\u00dcGE PINAR<\/h3>\n\t\t\t\t               <span>Board of Directors<\/span>\n\t\t\t\t            <\/div>\n\t\t\t\t            <div class=\"awsm-contact-info\">\n\t\t\t\t                \t\t\t\t            <\/div>\n\t\t\t\t            \t\t\t\t         <\/figcaption>\n\t\t\t\t   <\/figure>\n\t\t\t\t<\/div>\n\t\t\t\t\t\t\t<div id=\"awsm-member-8756-8801\" class=\"awsm-grid-card awsm-team-item awsm-scale-anm awsm-all\">\n\t\t\t\t   <figure>\n\t\t\t\t      \t\t\t\t\t         <img decoding=\"async\" width=\"500\" height=\"500\" src=\"https:\/\/www.unigrup.com.tr\/wp-content\/uploads\/2019\/11\/seha-cagatay.jpg\" class=\"attachment-awsm_team size-awsm_team wp-post-image\" alt=\"\" \/>\t\t\t\t        \t\t\t\t        \t\t\t\t         <figcaption class=\"awsm-figcaption\">\n\t\t\t\t         \t\t\t\t\t            <div class=\"awsm-personal-info\">\n\t\t\t\t               <h3>SEHA \u00c7A\u011eATAY<\/h3>\n\t\t\t\t               <span>Board of Directors<\/span>\n\t\t\t\t            <\/div>\n\t\t\t\t            <div class=\"awsm-contact-info\">\n\t\t\t\t                \t\t\t\t            <\/div>\n\t\t\t\t            \t\t\t\t         <\/figcaption>\n\t\t\t\t   <\/figure>\n\t\t\t\t<\/div>\n\t\t\t\t\t\t\t<div id=\"awsm-member-8756-8800\" class=\"awsm-grid-card awsm-team-item awsm-scale-anm awsm-all\">\n\t\t\t\t   <figure>\n\t\t\t\t      \t\t\t\t\t         <img decoding=\"async\" width=\"500\" height=\"500\" src=\"https:\/\/www.unigrup.com.tr\/wp-content\/uploads\/2019\/11\/mehmet-pinar.jpg\" class=\"attachment-awsm_team size-awsm_team wp-post-image\" alt=\"\" \/>\t\t\t\t        \t\t\t\t        \t\t\t\t         <figcaption class=\"awsm-figcaption\">\n\t\t\t\t         \t\t\t\t\t            <div class=\"awsm-personal-info\">\n\t\t\t\t               <h3>MEHMET PINAR<\/h3>\n\t\t\t\t               <span>Board of Directors<\/span>\n\t\t\t\t            <\/div>\n\t\t\t\t            <div class=\"awsm-contact-info\">\n\t\t\t\t                \t\t\t\t            <\/div>\n\t\t\t\t            \t\t\t\t         <\/figcaption>\n\t\t\t\t   <\/figure>\n\t\t\t\t<\/div>\n\t\t\t\t\t\t\t<div id=\"awsm-member-8756-8757\" class=\"awsm-grid-card awsm-team-item awsm-scale-anm awsm-all\">\n\t\t\t\t   <figure>\n\t\t\t\t      \t\t\t\t\t         <img decoding=\"async\" width=\"400\" height=\"500\" src=\"https:\/\/www.unigrup.com.tr\/wp-content\/uploads\/2019\/12\/senay-ozturk.jpg\" class=\"attachment-awsm_team size-awsm_team wp-post-image\" alt=\"\" \/>\t\t\t\t        \t\t\t\t        \t\t\t\t         <figcaption class=\"awsm-figcaption\">\n\t\t\t\t         \t\t\t\t\t            <div class=\"awsm-personal-info\">\n\t\t\t\t               <h3>\u015eENAY \u00d6ZT\u00dcRK<\/h3>\n\t\t\t\t               <span>Board of Directors<\/span>\n\t\t\t\t            <\/div>\n\t\t\t\t            <div class=\"awsm-contact-info\">\n\t\t\t\t                \t\t\t\t            <\/div>\n\t\t\t\t            \t\t\t\t         <\/figcaption>\n\t\t\t\t   <\/figure>\n\t\t\t\t<\/div>\n\t\t\t\t\t<\/div>\n\t<\/div>[vc_separator border_width=&#8221;2&#8243;]<div id=\"awsm-team-8755\" class=\"awsm-grid-wrapper\">\t<div class=\"awsm-team-filter-wrap\"><span class=\"awsm-filter-btn awsm-active-filter\" data-rel=\"awsm-all\">All<\/span><span data-rel=\"awsm-unigrup\" class=\"awsm-filter-btn\">unigrup<\/span><span data-rel=\"awsm-velacast\" class=\"awsm-filter-btn\">velacast<\/span><span data-rel=\"awsm-unipol-toteks\" class=\"awsm-filter-btn\">unipol \/ toteks<\/span><span data-rel=\"awsm-uniplast\" class=\"awsm-filter-btn\">uniplast<\/span><\/div>\n\t\t\t<div class=\"awsm-grid cards-style style-3 grid-3-col \">\n\t\t\t\t\t\t<div id=\"awsm-member-8755-8798\" class=\"awsm-grid-card awsm-team-item awsm-scale-anm awsm-all awsm-unigrup awsm-unigrup awsm-unigrup\">\n\t\t\t\t   <figure>\n\t\t\t\t      \t\t\t\t\t         <img decoding=\"async\" width=\"500\" height=\"500\" src=\"https:\/\/www.unigrup.com.tr\/wp-content\/uploads\/2019\/11\/ali-hizli.jpg\" class=\"attachment-awsm_team size-awsm_team wp-post-image\" alt=\"\" \/>\t\t\t\t        \t\t\t\t        \t\t\t\t         <figcaption class=\"awsm-figcaption\">\n\t\t\t\t         \t\t\t\t\t            <div class=\"awsm-personal-info\">\n\t\t\t\t               <h3>AL\u0130 HIZLI<\/h3>\n\t\t\t\t               <span>UNIGRUP<\/span>\n\t\t\t\t            <\/div>\n\t\t\t\t            <div class=\"awsm-contact-info\">\n\t\t\t\t                \t\t\t\t            <\/div>\n\t\t\t\t            \t\t\t\t         <\/figcaption>\n\t\t\t\t   <\/figure>\n\t\t\t\t<\/div>\n\t\t\t\t\t\t\t<div id=\"awsm-member-8755-8795\" class=\"awsm-grid-card awsm-team-item awsm-scale-anm awsm-all\">\n\t\t\t\t   <figure>\n\t\t\t\t      \t\t\t\t\t         <img decoding=\"async\" width=\"500\" height=\"500\" src=\"https:\/\/www.unigrup.com.tr\/wp-content\/uploads\/2019\/11\/aylin-taptik.jpg\" class=\"attachment-awsm_team size-awsm_team wp-post-image\" alt=\"\" \/>\t\t\t\t        \t\t\t\t        \t\t\t\t         <figcaption class=\"awsm-figcaption\">\n\t\t\t\t         \t\t\t\t\t            <div class=\"awsm-personal-info\">\n\t\t\t\t               <h3>AYL\u0130N TAPTIK<\/h3>\n\t\t\t\t               <span>VELACAST<\/span>\n\t\t\t\t            <\/div>\n\t\t\t\t            <div class=\"awsm-contact-info\">\n\t\t\t\t                \t\t\t\t            <\/div>\n\t\t\t\t            \t\t\t\t         <\/figcaption>\n\t\t\t\t   <\/figure>\n\t\t\t\t<\/div>\n\t\t\t\t\t\t\t<div id=\"awsm-member-8755-8793\" class=\"awsm-grid-card awsm-team-item awsm-scale-anm awsm-all\">\n\t\t\t\t   <figure>\n\t\t\t\t      \t\t\t\t\t         <img decoding=\"async\" width=\"500\" height=\"500\" src=\"https:\/\/www.unigrup.com.tr\/wp-content\/uploads\/2019\/11\/burcu-kuleru.jpg\" class=\"attachment-awsm_team size-awsm_team wp-post-image\" alt=\"\" \/>\t\t\t\t        \t\t\t\t        \t\t\t\t         <figcaption class=\"awsm-figcaption\">\n\t\t\t\t         \t\t\t\t\t            <div class=\"awsm-personal-info\">\n\t\t\t\t               <h3>BURCU K\u00dcLER\u00dc<\/h3>\n\t\t\t\t               <span>UNIGRUP<\/span>\n\t\t\t\t            <\/div>\n\t\t\t\t            <div class=\"awsm-contact-info\">\n\t\t\t\t                \t\t\t\t            <\/div>\n\t\t\t\t            \t\t\t\t         <\/figcaption>\n\t\t\t\t   <\/figure>\n\t\t\t\t<\/div>\n\t\t\t\t\t\t\t<div id=\"awsm-member-8755-8789\" class=\"awsm-grid-card awsm-team-item awsm-scale-anm awsm-all awsm-velacast\">\n\t\t\t\t   <figure>\n\t\t\t\t      \t\t\t\t\t         <img decoding=\"async\" width=\"500\" height=\"500\" src=\"https:\/\/www.unigrup.com.tr\/wp-content\/uploads\/2019\/11\/ersin-turedi.jpg\" class=\"attachment-awsm_team size-awsm_team wp-post-image\" alt=\"\" \/>\t\t\t\t        \t\t\t\t        \t\t\t\t         <figcaption class=\"awsm-figcaption\">\n\t\t\t\t         \t\t\t\t\t            <div class=\"awsm-personal-info\">\n\t\t\t\t               <h3>ERS\u0130N T\u00dcRED\u0130<\/h3>\n\t\t\t\t               <span>VELACAST<\/span>\n\t\t\t\t            <\/div>\n\t\t\t\t            <div class=\"awsm-contact-info\">\n\t\t\t\t                \t\t\t\t            <\/div>\n\t\t\t\t            \t\t\t\t         <\/figcaption>\n\t\t\t\t   <\/figure>\n\t\t\t\t<\/div>\n\t\t\t\t\t\t\t<div id=\"awsm-member-8755-8784\" class=\"awsm-grid-card awsm-team-item awsm-scale-anm awsm-all awsm-unipol-toteks awsm-unipol-toteks\">\n\t\t\t\t   <figure>\n\t\t\t\t      \t\t\t\t\t         <img decoding=\"async\" width=\"500\" height=\"500\" src=\"https:\/\/www.unigrup.com.tr\/wp-content\/uploads\/2019\/11\/faruk-sancaktutan.jpg\" class=\"attachment-awsm_team size-awsm_team wp-post-image\" alt=\"\" \/>\t\t\t\t        \t\t\t\t        \t\t\t\t         <figcaption class=\"awsm-figcaption\">\n\t\t\t\t         \t\t\t\t\t            <div class=\"awsm-personal-info\">\n\t\t\t\t               <h3>FARUK SANCAKTUTAN<\/h3>\n\t\t\t\t               <span>UNIPOL\/TOTEKS<\/span>\n\t\t\t\t            <\/div>\n\t\t\t\t            <div class=\"awsm-contact-info\">\n\t\t\t\t                \t\t\t\t            <\/div>\n\t\t\t\t            \t\t\t\t         <\/figcaption>\n\t\t\t\t   <\/figure>\n\t\t\t\t<\/div>\n\t\t\t\t\t\t\t<div id=\"awsm-member-8755-8783\" class=\"awsm-grid-card awsm-team-item awsm-scale-anm awsm-all\">\n\t\t\t\t   <figure>\n\t\t\t\t      \t\t\t\t\t         <img decoding=\"async\" width=\"500\" height=\"500\" src=\"https:\/\/www.unigrup.com.tr\/wp-content\/uploads\/2019\/11\/guzide-guvendi-kaylan.jpg\" class=\"attachment-awsm_team size-awsm_team wp-post-image\" alt=\"\" \/>\t\t\t\t        \t\t\t\t        \t\t\t\t         <figcaption class=\"awsm-figcaption\">\n\t\t\t\t         \t\t\t\t\t            <div class=\"awsm-personal-info\">\n\t\t\t\t               <h3>G\u00dcZ\u0130DE G\u00dcVEND\u0130 KAYLAN<\/h3>\n\t\t\t\t               <span>UNIPOL\/TOTEKS<\/span>\n\t\t\t\t            <\/div>\n\t\t\t\t            <div class=\"awsm-contact-info\">\n\t\t\t\t                \t\t\t\t            <\/div>\n\t\t\t\t            \t\t\t\t         <\/figcaption>\n\t\t\t\t   <\/figure>\n\t\t\t\t<\/div>\n\t\t\t\t\t\t\t<div id=\"awsm-member-8755-8782\" class=\"awsm-grid-card awsm-team-item awsm-scale-anm awsm-all\">\n\t\t\t\t   <figure>\n\t\t\t\t      \t\t\t\t\t         <img decoding=\"async\" width=\"500\" height=\"500\" src=\"https:\/\/www.unigrup.com.tr\/wp-content\/uploads\/2019\/11\/hakan-demir.jpg\" class=\"attachment-awsm_team size-awsm_team wp-post-image\" alt=\"\" \/>\t\t\t\t        \t\t\t\t        \t\t\t\t         <figcaption class=\"awsm-figcaption\">\n\t\t\t\t         \t\t\t\t\t            <div class=\"awsm-personal-info\">\n\t\t\t\t               <h3>HAKAN DEM\u0130R<\/h3>\n\t\t\t\t               <span>UNIGRUP<\/span>\n\t\t\t\t            <\/div>\n\t\t\t\t            <div class=\"awsm-contact-info\">\n\t\t\t\t                \t\t\t\t            <\/div>\n\t\t\t\t            \t\t\t\t         <\/figcaption>\n\t\t\t\t   <\/figure>\n\t\t\t\t<\/div>\n\t\t\t\t\t\t\t<div id=\"awsm-member-8755-8780\" class=\"awsm-grid-card awsm-team-item awsm-scale-anm awsm-all\">\n\t\t\t\t   <figure>\n\t\t\t\t      \t\t\t\t\t         <img decoding=\"async\" width=\"500\" height=\"500\" src=\"https:\/\/www.unigrup.com.tr\/wp-content\/uploads\/2019\/11\/hande-pekand.jpg\" class=\"attachment-awsm_team size-awsm_team wp-post-image\" alt=\"\" \/>\t\t\t\t        \t\t\t\t        \t\t\t\t         <figcaption class=\"awsm-figcaption\">\n\t\t\t\t         \t\t\t\t\t            <div class=\"awsm-personal-info\">\n\t\t\t\t               <h3>HANDE PEKAND<\/h3>\n\t\t\t\t               <span>UNIPLAST<\/span>\n\t\t\t\t            <\/div>\n\t\t\t\t            <div class=\"awsm-contact-info\">\n\t\t\t\t                \t\t\t\t            <\/div>\n\t\t\t\t            \t\t\t\t         <\/figcaption>\n\t\t\t\t   <\/figure>\n\t\t\t\t<\/div>\n\t\t\t\t\t\t\t<div id=\"awsm-member-8755-8779\" class=\"awsm-grid-card awsm-team-item awsm-scale-anm awsm-all awsm-uniplast\">\n\t\t\t\t   <figure>\n\t\t\t\t      \t\t\t\t\t         <img decoding=\"async\" width=\"500\" height=\"500\" src=\"https:\/\/www.unigrup.com.tr\/wp-content\/uploads\/2019\/11\/melih-ozerdem.jpg\" class=\"attachment-awsm_team size-awsm_team wp-post-image\" alt=\"\" \/>\t\t\t\t        \t\t\t\t        \t\t\t\t         <figcaption class=\"awsm-figcaption\">\n\t\t\t\t         \t\t\t\t\t            <div class=\"awsm-personal-info\">\n\t\t\t\t               <h3>MEL\u0130H \u00d6ZERDEM<\/h3>\n\t\t\t\t               <span>UNIPLAST<\/span>\n\t\t\t\t            <\/div>\n\t\t\t\t            <div class=\"awsm-contact-info\">\n\t\t\t\t                \t\t\t\t            <\/div>\n\t\t\t\t            \t\t\t\t         <\/figcaption>\n\t\t\t\t   <\/figure>\n\t\t\t\t<\/div>\n\t\t\t\t\t\t\t<div id=\"awsm-member-8755-8777\" class=\"awsm-grid-card awsm-team-item awsm-scale-anm awsm-all awsm-velacast awsm-velacast\">\n\t\t\t\t   <figure>\n\t\t\t\t      \t\t\t\t\t         <img decoding=\"async\" width=\"500\" height=\"500\" src=\"https:\/\/www.unigrup.com.tr\/wp-content\/uploads\/2019\/11\/murat-baysan.jpg\" class=\"attachment-awsm_team size-awsm_team wp-post-image\" alt=\"\" \/>\t\t\t\t        \t\t\t\t        \t\t\t\t         <figcaption class=\"awsm-figcaption\">\n\t\t\t\t         \t\t\t\t\t            <div class=\"awsm-personal-info\">\n\t\t\t\t               <h3>MURAT BAYSAN<\/h3>\n\t\t\t\t               <span>VELACAST<\/span>\n\t\t\t\t            <\/div>\n\t\t\t\t            <div class=\"awsm-contact-info\">\n\t\t\t\t                \t\t\t\t            <\/div>\n\t\t\t\t            \t\t\t\t         <\/figcaption>\n\t\t\t\t   <\/figure>\n\t\t\t\t<\/div>\n\t\t\t\t\t\t\t<div id=\"awsm-member-8755-8774\" class=\"awsm-grid-card awsm-team-item awsm-scale-anm awsm-all awsm-unipol-toteks\">\n\t\t\t\t   <figure>\n\t\t\t\t      \t\t\t\t\t         <img decoding=\"async\" width=\"500\" height=\"500\" src=\"https:\/\/www.unigrup.com.tr\/wp-content\/uploads\/2019\/11\/tijen-kundak.jpg\" class=\"attachment-awsm_team size-awsm_team wp-post-image\" alt=\"\" \/>\t\t\t\t        \t\t\t\t        \t\t\t\t         <figcaption class=\"awsm-figcaption\">\n\t\t\t\t         \t\t\t\t\t            <div class=\"awsm-personal-info\">\n\t\t\t\t               <h3>T\u0130JEN KUNDAK<\/h3>\n\t\t\t\t               <span>UNIPOL\/TOTEKS<\/span>\n\t\t\t\t            <\/div>\n\t\t\t\t            <div class=\"awsm-contact-info\">\n\t\t\t\t                \t\t\t\t            <\/div>\n\t\t\t\t            \t\t\t\t         <\/figcaption>\n\t\t\t\t   <\/figure>\n\t\t\t\t<\/div>\n\t\t\t\t\t\t\t<div id=\"awsm-member-8755-8773\" class=\"awsm-grid-card awsm-team-item awsm-scale-anm awsm-all awsm-uniplast awsm-uniplast\">\n\t\t\t\t   <figure>\n\t\t\t\t      \t\t\t\t\t         <img decoding=\"async\" width=\"500\" height=\"500\" src=\"https:\/\/www.unigrup.com.tr\/wp-content\/uploads\/2019\/12\/sennur-guler-1.jpg\" class=\"attachment-awsm_team size-awsm_team wp-post-image\" alt=\"\" \/>\t\t\t\t        \t\t\t\t        \t\t\t\t         <figcaption class=\"awsm-figcaption\">\n\t\t\t\t         \t\t\t\t\t            <div class=\"awsm-personal-info\">\n\t\t\t\t               <h3>\u015eENNUR G\u00dcLER<\/h3>\n\t\t\t\t               <span>UNIPLAST<\/span>\n\t\t\t\t            <\/div>\n\t\t\t\t            <div class=\"awsm-contact-info\">\n\t\t\t\t                \t\t\t\t            <\/div>\n\t\t\t\t            \t\t\t\t         <\/figcaption>\n\t\t\t\t   <\/figure>\n\t\t\t\t<\/div>\n\t\t\t\t\t\t\t<div id=\"awsm-member-8755-8772\" class=\"awsm-grid-card awsm-team-item awsm-scale-anm awsm-all awsm-unigrup\">\n\t\t\t\t   <figure>\n\t\t\t\t      \t\t\t\t\t         <img decoding=\"async\" width=\"500\" height=\"500\" src=\"https:\/\/www.unigrup.com.tr\/wp-content\/uploads\/2019\/11\/tulay-yayla.jpg\" class=\"attachment-awsm_team size-awsm_team wp-post-image\" alt=\"\" \/>\t\t\t\t        \t\t\t\t        \t\t\t\t         <figcaption class=\"awsm-figcaption\">\n\t\t\t\t         \t\t\t\t\t            <div class=\"awsm-personal-info\">\n\t\t\t\t               <h3>T\u00dcLAY YAYLA<\/h3>\n\t\t\t\t               <span>UNIGRUP<\/span>\n\t\t\t\t            <\/div>\n\t\t\t\t            <div class=\"awsm-contact-info\">\n\t\t\t\t                \t\t\t\t            <\/div>\n\t\t\t\t            \t\t\t\t         <\/figcaption>\n\t\t\t\t   <\/figure>\n\t\t\t\t<\/div>\n\t\t\t\t\t<\/div>\n\t<\/div>[\/vc_column][vc_column width=&#8221;1\/4&#8243;][stm_sidebar sidebar=&#8221;311&#8243;][\/vc_column][\/vc_row]<\/p>\n","protected":false},"excerpt":{"rendered":"<p>[vc_row css=&#8221;.vc_custom_1451991003825{margin-bottom: 100px !important;}&#8221;][vc_column width=&#8221;3\/4&#8243;][vc_separator border_width=&#8221;2&#8243;][\/vc_column][vc_column width=&#8221;1\/4&#8243;][stm_sidebar sidebar=&#8221;311&#8243;][\/vc_column][\/vc_row]<\/p>\n","protected":false},"author":2,"featured_media":0,"parent":0,"menu_order":0,"comment_status":"closed","ping_status":"closed","template":"","meta":{"footnotes":""},"class_list":["post-8578","page","type-page","status-publish","hentry"],"_links":{"self":[{"href":"https:\/\/www.unigrup.com.tr\/en\/wp-json\/wp\/v2\/pages\/8578","targetHints":{"allow":["GET"]}}],"collection":[{"href":"https:\/\/www.unigrup.com.tr\/en\/wp-json\/wp\/v2\/pages"}],"about":[{"href":"https:\/\/www.unigrup.com.tr\/en\/wp-json\/wp\/v2\/types\/page"}],"author":[{"embeddable":true,"href":"https:\/\/www.unigrup.com.tr\/en\/wp-json\/wp\/v2\/users\/2"}],"replies":[{"embeddable":true,"href":"https:\/\/www.unigrup.com.tr\/en\/wp-json\/wp\/v2\/comments?post=8578"}],"version-history":[{"count":1,"href":"https:\/\/www.unigrup.com.tr\/en\/wp-json\/wp\/v2\/pages\/8578\/revisions"}],"predecessor-version":[{"id":10121,"href":"https:\/\/www.unigrup.com.tr\/en\/wp-json\/wp\/v2\/pages\/8578\/revisions\/10121"}],"wp:attachment":[{"href":"https:\/\/www.unigrup.com.tr\/en\/wp-json\/wp\/v2\/media?parent=8578"}],"curies":[{"name":"wp","href":"https:\/\/api.w.org\/{rel}","templated":true}]}}