{"id":8587,"date":"2020-06-18T12:03:53","date_gmt":"2020-06-18T09:03:53","guid":{"rendered":"http:\/\/www.unigrup.com.tr\/?page_id=8587"},"modified":"2021-06-04T14:55:33","modified_gmt":"2021-06-04T11:55:33","slug":"uni-grup","status":"publish","type":"page","link":"https:\/\/www.unigrup.com.tr\/en\/","title":{"rendered":"Unigrup"},"content":{"rendered":"<p>[vc_row css=&#8221;.vc_custom_1450677977665{margin-bottom: 0px !important;}&#8221;][vc_column offset=&#8221;vc_hidden-xs&#8221;][rev_slider_vc alias=&#8221;fullscreen-main-slider&#8221;][\/vc_column][\/vc_row][vc_section full_width=&#8221;stretch_row_content&#8221; parallax=&#8221;content-moving&#8221; el_id=&#8221;about-us&#8221; css=&#8221;.vc_custom_1612254103354{padding-top: 200px !important;padding-bottom: 100px !important;background-color: #f2f2f2 !important;}&#8221;][vc_row css_animation=&#8221;fadeInLeft&#8221; css=&#8221;.vc_custom_1611527219737{padding-bottom: 0px !important;border-radius: 10px !important;}&#8221;][vc_column width=&#8221;1\/2&#8243; css=&#8221;.vc_custom_1611527314754{padding-top: 0px !important;padding-right: 0px !important;padding-bottom: 0px !important;padding-left: 0px !important;}&#8221;][vc_raw_html]JTNDaW1nJTIwJTBBc3R5bGUlM0QlMjJib3JkZXItdG9wLXJpZ2h0LXJhZGl1cyUzQSUyMDQwcHglM0IlMjBib3JkZXItYm90dG9tLXJpZ2h0LXJhZGl1cyUzQSUyMDQwcHglM0IlMjIlMEElMjAlMjBzcmMlM0QlMjJodHRwcyUzQSUyRiUyRnd3dy51bmlncnVwLmNvbS50ciUyRndwLWNvbnRlbnQlMkZ1cGxvYWRzJTJGMjAyMCUyRjA3JTJGNS5qcGclMjIlMEElMjAlMjBhbHQlMjAlM0QlMjAlMjIlMjIlMEElMkYlM0U=[\/vc_raw_html][\/vc_column][vc_column width=&#8221;1\/2&#8243; css=&#8221;.vc_custom_1611527326258{padding-right: 64px !important;padding-left: 64px !important;}&#8221;][vc_column_text css_animation=&#8221;fadeInLeftBig&#8221;]<\/p>\n<h2><span style=\"font-family: arial, helvetica, sans-serif;\"><span style=\"color: #e10b16;\">About<\/span> <span style=\"color: #5a6771;\">Us<\/span><\/span><\/h2>\n<p>&nbsp;<\/p>\n<p class=\"section__title__info\"><span style=\"font-family: arial, helvetica, sans-serif; color: #5a6771; font-size: 14pt;\">Unigrup, based on its customer satisfaction priority and solution-oriented sales strategy, is offering reliable, fast and high quality products and services to its customers since 1995 with its 4 companies\u2026<\/span><\/p>\n<p>&nbsp;<\/p>\n<ul>\n<li><span style=\"font-family: arial, helvetica, sans-serif; color: #5a6771; font-size: 14pt;\">Uniplast<\/span><\/li>\n<li><span style=\"font-family: arial, helvetica, sans-serif; color: #5a6771; font-size: 14pt;\">Unipol<\/span><\/li>\n<li><span style=\"font-family: arial, helvetica, sans-serif; color: #5a6771; font-size: 14pt;\">Toteks<\/span><\/li>\n<li><span style=\"font-family: arial, helvetica, sans-serif; color: #5a6771; font-size: 14pt;\">Velacast\u00a0<\/span><\/li>\n<\/ul>\n<p>&nbsp;<\/p>\n<p><span style=\"font-family: arial, helvetica, sans-serif; color: #5a6771; font-size: 14pt;\">We always produce and work for quality, continuity and innovation with the developments and innovations in the world with our business partners and solution partners.<\/span>[\/vc_column_text][\/vc_column][\/vc_row][\/vc_section][vc_section full_width=&#8221;stretch_row_content&#8221; parallax=&#8221;content-moving&#8221; el_id=&#8221;about-us-sectors&#8221; css=&#8221;.vc_custom_1612032412438{padding-top: 100px !important;padding-bottom: 200px !important;}&#8221;][vc_row css_animation=&#8221;fadeInRight&#8221;][vc_column width=&#8221;1\/2&#8243; css=&#8221;.vc_custom_1611523630609{padding-right: 64px !important;padding-left: 64px !important;}&#8221;][vc_column_text]<\/p>\n<h2 class=\"section__title\"><span style=\"font-family: arial, helvetica, sans-serif; color: #e10b16;\">Sectors<\/span><\/h2>\n<div class=\"section__title_bottom\"><\/div>\n<p><span style=\"font-family: arial, helvetica, sans-serif; font-size: 14pt; color: #5a6771;\">Raw Materials and Final Products to many different sectors such as Pharmaceuticals, Packaging, Printing, Decoration, Cards, Textile, Insulations. Die casting solutions for the automotive industry, household and White Goods Parts, door locks, lighting(Indoor&amp;Outdoor), sanitary ware, electrical appliances.<\/span><\/p>\n<h2 class=\"section__title\"><span style=\"font-family: arial, helvetica, sans-serif;\"><span style=\"color: #e10b16;\">Our\u00a0<\/span><span class=\"section__title__span\" style=\"color: #5a6771;\">Products<\/span><\/span><\/h2>\n<p>&nbsp;<\/p>\n<ul>\n<li><span style=\"font-family: arial, helvetica, sans-serif; color: #5a6771; font-size: 14pt;\">PU-Epoxy-Textile Performances Raw Materials<\/span><\/li>\n<li><span style=\"font-family: arial, helvetica, sans-serif; color: #5a6771; font-size: 14pt;\">Construction Chemicals<\/span><\/li>\n<li><span style=\"font-family: arial, helvetica, sans-serif; color: #5a6771; font-size: 14pt;\">Plastic Films<\/span><\/li>\n<li><span style=\"font-family: arial, helvetica, sans-serif; color: #5a6771; font-size: 14pt;\">Polymers and Plastics<\/span><\/li>\n<li><span style=\"font-family: arial, helvetica, sans-serif; color: #5a6771; font-size: 14pt;\">Blowing Agents<\/span><\/li>\n<li><span style=\"font-family: arial, helvetica, sans-serif; color: #5a6771; font-size: 14pt;\">Paint and Lacquers<\/span><\/li>\n<li><span style=\"font-family: arial, helvetica, sans-serif; font-size: 14pt; color: #5a6771;\">Die Casting Machines <\/span><\/li>\n<li><span style=\"font-family: arial, helvetica, sans-serif; font-size: 14pt; color: #5a6771;\">Dosing and Melting Shaft Furnaces<\/span><\/li>\n<li><span style=\"font-family: arial, helvetica, sans-serif; font-size: 14pt; color: #5a6771;\">Industrial X-ray Machines <\/span><\/li>\n<li><span style=\"font-family: arial, helvetica, sans-serif; font-size: 14pt; color: #5a6771;\">High performance plunger tips, steel sleeves and more<\/span><\/li>\n<\/ul>\n<p>[\/vc_column_text][\/vc_column][vc_column width=&#8221;1\/2&#8243; css=&#8221;.vc_custom_1611521956006{padding-top: 0px !important;padding-right: 0px !important;padding-bottom: 0px !important;padding-left: 0px !important;}&#8221;][vc_row_inner][vc_column_inner width=&#8221;1\/2&#8243;][vc_hoverbox image=&#8221;10197&#8243; primary_title=&#8221;&#8221; hover_title=&#8221;&#8221;]<\/p>\n<p style=\"text-align: center;\"><span style=\"font-size: 24pt;\"><strong><span style=\"font-family: arial, helvetica, sans-serif;\">LK \u2013 IDRA HPDC Machines<\/span><\/strong><\/span><\/p>\n<p>[\/vc_hoverbox][vc_empty_space height=&#8221;18px&#8221;][vc_hoverbox image=&#8221;10207&#8243; primary_title=&#8221;&#8221; hover_title=&#8221;&#8221;]<\/p>\n<p style=\"text-align: center;\"><span style=\"font-size: 24pt;\"><strong><span style=\"font-family: arial, helvetica, sans-serif;\">PU-Epoxy-Textile Performances Raw Materials<\/span><\/strong><\/span><\/p>\n<p>[\/vc_hoverbox][\/vc_column_inner][vc_column_inner width=&#8221;1\/2&#8243;][vc_hoverbox image=&#8221;10195&#8243; primary_title=&#8221;&#8221; hover_title=&#8221;&#8221; hover_title_font_container=&#8221;font_size:22|color:%235a6771&#8243; hover_title_use_theme_fonts=&#8221;yes&#8221; use_custom_fonts_hover_title=&#8221;true&#8221;]<\/p>\n<p style=\"text-align: center;\"><span style=\"font-size: 24pt;\"><strong><span style=\"font-family: arial, helvetica, sans-serif;\">TPU<\/span><\/strong><\/span><\/p>\n<p>[\/vc_hoverbox][vc_empty_space height=&#8221;18px&#8221;][vc_hoverbox image=&#8221;10199&#8243; primary_title=&#8221;&#8221; hover_title=&#8221;&#8221;]<\/p>\n<p style=\"text-align: center;\"><span style=\"font-size: 24pt;\"><strong><span style=\"font-family: arial, helvetica, sans-serif;\">Polymers and Plastics<\/span><\/strong><\/span><\/p>\n<p>[\/vc_hoverbox][\/vc_column_inner][\/vc_row_inner][\/vc_column][\/vc_row][\/vc_section][vc_row full_width=&#8221;stretch_row&#8221; css_animation=&#8221;fadeInLeft&#8221; css=&#8221;.vc_custom_1612032531579{padding-top: 60px !important;padding-bottom: 60px !important;background-color: #eeeeee !important;background-position: center !important;background-repeat: no-repeat !important;background-size: cover !important;}&#8221;][vc_column css=&#8221;.vc_custom_1612256534393{margin-left: 70px !important;}&#8221;][vc_custom_heading icon=&#8221;stm-graph&#8221; text=&#8221;Concurrently grow, develop, and be renewed by the technological<br \/>\n<span style=``color:#5a6771``>developments and innovations for a sustainable future!<\/span>&#8221; font_container=&#8221;tag:div|font_size:25px|text_align:center|color:%23e10b16|line_height:35px&#8221; google_fonts=&#8221;font_family:Poppins%3A300%2Cregular%2C500%2C600%2C700|font_style:600%20semi-bold%3A600%3Anormal&#8221;][\/vc_column][\/vc_row][vc_row full_width=&#8221;stretch_row&#8221; css_animation=&#8221;fadeInRight&#8221; css=&#8221;.vc_custom_1612033375180{margin-top: 32px !important;margin-bottom: 32px !important;}&#8221;][vc_column][vc_custom_heading text=&#8221;<img class=``section__title__logo`` src=``https:\/\/www.unigrup.com.tr\/wp-content\/uploads\/2020\/08\/Ekran-Resmi-2020-08-10-14.41.20.png``><\/img> Media&#8221; font_container=&#8221;tag:div|font_size:45px|text_align:center|color:%23e10b16&#8243; use_theme_fonts=&#8221;yes&#8221; el_class=&#8221;section__title&#8221; css=&#8221;.vc_custom_1612254220342{margin-bottom: 32px !important;}&#8221;][\/vc_column][\/vc_row][vc_row full_width=&#8221;stretch_row&#8221; css_animation=&#8221;fadeInRight&#8221; css=&#8221;.vc_custom_1612479594428{margin-bottom: 32px !important;}&#8221;][vc_column][stm_icon_box][\/stm_icon_box][vc_basic_grid post_type=&#8221;post&#8221; max_items=&#8221;3&#8243; gap=&#8221;40&#8243; item=&#8221;basicGrid_GoTopSlideout&#8221; grid_id=&#8221;vc_gid:1622807789907-f8b657fefa3816d3d0adcdb54e315bcd-4&#8243;][\/vc_column][\/vc_row][vc_row full_width=&#8221;stretch_row&#8221; css_animation=&#8221;fadeInLeft&#8221; css=&#8221;.vc_custom_1612033514742{margin-bottom: 0px !important;padding-top: 20px !important;padding-bottom: 40px !important;}&#8221;][vc_column width=&#8221;5\/6&#8243;][vc_custom_heading text=&#8221;Your ideas are important to us&#8221; font_container=&#8221;tag:div|font_size:25px|text_align:left|color:%23e10b16|line_height:38px&#8221; google_fonts=&#8221;font_family:Poppins%3A300%2Cregular%2C500%2C600%2C700|font_style:700%20bold%3A700%3Anormal&#8221; css=&#8221;.vc_custom_1612255146626{margin-bottom: 20px !important;margin-left: 360px !important;}&#8221;][vc_column_text css=&#8221;.vc_custom_1612265997844{margin-left: 200px !important;}&#8221;]<\/p>\n<p style=\"text-align: center;\"><span style=\"color: #5a6771;\"><strong><span style=\"font-size: 14pt; font-family: arial, helvetica, sans-serif;\"><span class=\"JLqJ4b ChMk0b\" data-language-for-alternatives=\"en\" data-language-to-translate-into=\"tr\" data-phrase-index=\"0\">We care about your ideas, opinions and suggestions.<\/span> <span class=\"JLqJ4b ChMk0b\" data-language-for-alternatives=\"en\" data-language-to-translate-into=\"tr\" data-phrase-index=\"1\">You can contact us for any questions \/ problems you have in mind.<\/span><\/span><\/strong><\/span><\/p>\n<p>[\/vc_column_text][vc_raw_html el_class=&#8221;button&#8221; css=&#8221;.vc_custom_1612356623383{margin-top: 0px !important;margin-left: 260px !important;}&#8221;]JTVCZmMlMjBpZCUzRCUyNzIlMjclMjAlMjBwbGFjZW1lbnQlM0QlMjdpbmxpbmUlMjclNURDb250YWN0JTIwRm9ybSU1QiUyRmZjJTVE[\/vc_raw_html][\/vc_column][\/vc_row][vc_row full_width=&#8221;stretch_row_content_no_spaces&#8221; disable_element=&#8221;yes&#8221; css=&#8221;.vc_custom_1611214598750{margin-top: -70px !important;margin-bottom: -70px !important;padding-top: 0px !important;padding-bottom: 0px !important;}&#8221;][vc_column][stm_gmap map_height=&#8221;447px&#8221; map_zoom=&#8221;11&#8243; disable_mouse_whell=&#8221;disable&#8221;][stm_gmap_address title=&#8221;Merkez&#8221; address=&#8221;Anadolu Yakas\u0131 OSB 8. Sokak No:3 34953 Ayd\u0131nl\u0131, Tuzla, \u0130stanbul&#8221; phone=&#8221;+90 216 622 7630&#8243; email=&#8221;info@unigrup.com.tr&#8221; lat=&#8221;40.884846&#8243; lng=&#8221;29.392003&#8243;][stm_gmap_address title=&#8221;Kad\u0131k\u00f6y Ofis&#8221; address=&#8221;Osmana\u011fa Mah. Ku\u015fdili Cad. Azam Palas Apt. No:47\/10 Kad\u0131k\u00f6y\/ \u0130STANBUL&#8221; email=&#8221;info@unigrup.com.tr&#8221; lat=&#8221;40.989546&#8243; lng=&#8221;29.032176&#8243;][stm_gmap_address title=&#8221;Bostanc\u0131 Ofis&#8221; address=&#8221;Bostanc\u0131 Mah. Yazmac\u0131 Tahir Sok. Pilsen Apt. A Blok No: 58\/5 Kad\u0131k\u00f6y\/ \u0130STANBUL&#8221; email=&#8221;info@unigrup.com.tr&#8221; lat=&#8221;40.952629&#8243; lng=&#8221;29.094738&#8243;][\/stm_gmap][\/vc_column][\/vc_row][vc_row][vc_column][stm_icon_box][\/stm_icon_box][\/vc_column][\/vc_row]<\/p>\n","protected":false},"excerpt":{"rendered":"<p>[vc_row css=&#8221;.vc_custom_1450677977665{margin-bottom: 0px !important;}&#8221;][vc_column offset=&#8221;vc_hidden-xs&#8221;][rev_slider_vc alias=&#8221;fullscreen-main-slider&#8221;][\/vc_column][\/vc_row][vc_section full_width=&#8221;stretch_row_content&#8221; parallax=&#8221;content-moving&#8221; el_id=&#8221;about-us&#8221; css=&#8221;.vc_custom_1612254103354{padding-top: 200px !important;padding-bottom: 100px !important;background-color: #f2f2f2 !important;}&#8221;][vc_row css_animation=&#8221;fadeInLeft&#8221; css=&#8221;.vc_custom_1611527219737{padding-bottom: 0px !important;border-radius: 10px !important;}&#8221;][vc_column width=&#8221;1\/2&#8243; css=&#8221;.vc_custom_1611527314754{padding-top: 0px !important;padding-right: 0px !important;padding-bottom: 0px !important;padding-left: 0px !important;}&#8221;][vc_raw_html]JTNDaW1nJTIwJTBBc3R5bGUlM0QlMjJib3JkZXItdG9wLXJpZ2h0LXJhZGl1cyUzQSUyMDQwcHglM0IlMjBib3JkZXItYm90dG9tLXJpZ2h0LXJhZGl1cyUzQSUyMDQwcHglM0IlMjIlMEElMjAlMjBzcmMlM0QlMjJodHRwcyUzQSUyRiUyRnd3dy51bmlncnVwLmNvbS50ciUyRndwLWNvbnRlbnQlMkZ1cGxvYWRzJTJGMjAyMCUyRjA3JTJGNS5qcGclMjIlMEElMjAlMjBhbHQlMjAlM0QlMjAlMjIlMjIlMEElMkYlM0U=[\/vc_raw_html][\/vc_column][vc_column width=&#8221;1\/2&#8243; css=&#8221;.vc_custom_1611527326258{padding-right: 64px !important;padding-left: 64px !important;}&#8221;][vc_column_text css_animation=&#8221;fadeInLeftBig&#8221;] About Us &nbsp; Unigrup, based on its customer satisfaction priority and solution-oriented sales strategy, is offering<\/p>\n","protected":false},"author":2,"featured_media":0,"parent":0,"menu_order":0,"comment_status":"closed","ping_status":"closed","template":"","meta":{"footnotes":""},"class_list":["post-8587","page","type-page","status-publish","hentry"],"_links":{"self":[{"href":"https:\/\/www.unigrup.com.tr\/en\/wp-json\/wp\/v2\/pages\/8587","targetHints":{"allow":["GET"]}}],"collection":[{"href":"https:\/\/www.unigrup.com.tr\/en\/wp-json\/wp\/v2\/pages"}],"about":[{"href":"https:\/\/www.unigrup.com.tr\/en\/wp-json\/wp\/v2\/types\/page"}],"author":[{"embeddable":true,"href":"https:\/\/www.unigrup.com.tr\/en\/wp-json\/wp\/v2\/users\/2"}],"replies":[{"embeddable":true,"href":"https:\/\/www.unigrup.com.tr\/en\/wp-json\/wp\/v2\/comments?post=8587"}],"version-history":[{"count":75,"href":"https:\/\/www.unigrup.com.tr\/en\/wp-json\/wp\/v2\/pages\/8587\/revisions"}],"predecessor-version":[{"id":10445,"href":"https:\/\/www.unigrup.com.tr\/en\/wp-json\/wp\/v2\/pages\/8587\/revisions\/10445"}],"wp:attachment":[{"href":"https:\/\/www.unigrup.com.tr\/en\/wp-json\/wp\/v2\/media?parent=8587"}],"curies":[{"name":"wp","href":"https:\/\/api.w.org\/{rel}","templated":true}]}}