{"id":8601,"date":"2020-06-18T11:08:57","date_gmt":"2020-06-18T08:08:57","guid":{"rendered":"http:\/\/www.unigrup.com.tr\/?page_id=8601"},"modified":"2022-04-05T10:43:43","modified_gmt":"2022-04-05T07:43:43","slug":"contacts","status":"publish","type":"page","link":"https:\/\/www.unigrup.com.tr\/en\/contacts\/","title":{"rendered":"Contact"},"content":{"rendered":"<p>[vc_row css=&#8221;.vc_custom_1452509933393{margin-bottom: 41px !important;}&#8221;][vc_column][vc_tta_tabs shape=&#8221;square&#8221; spacing=&#8221;&#8221; active_section=&#8221;1&#8243; no_fill_content_area=&#8221;true&#8221; el_class=&#8221;theme_style&#8221;][vc_tta_section title=&#8221;Unigrup Center&#8221; tab_id=&#8221;1452257567229-e5f623b2-41c0&#8243;][vc_row_inner css=&#8221;.vc_custom_1452504967583{margin-bottom: 33px !important;}&#8221;][vc_column_inner width=&#8221;1\/3&#8243;][vc_single_image image=&#8221;5224&#8243; img_size=&#8221;438&#215;438&#8243; alignment=&#8221;center&#8221; style=&#8221;vc_box_shadow_3d&#8221; css_animation=&#8221;rotateInDownLeft&#8221;][\/vc_column_inner][vc_column_inner width=&#8221;1\/3&#8243;][vc_gmaps link=&#8221;#E-8_JTNDaWZyYW1lJTIwc3JjJTNEJTIyaHR0cHMlM0ElMkYlMkZ3d3cuZ29vZ2xlLmNvbSUyRm1hcHMlMkZlbWJlZCUzRnBiJTNEJTIxMW0xOCUyMTFtMTIlMjExbTMlMjExZDMwMTYuNDE0Nzc4ODYxMTEzNSUyMTJkMjkuMzkwMTc0ODE1MTkxNzE3JTIxM2Q0MC44ODQ3MTU1MzQ5Njg0MzYlMjEybTMlMjExZjAlMjEyZjAlMjEzZjAlMjEzbTIlMjExaTEwMjQlMjEyaTc2OCUyMTRmMTMuMSUyMTNtMyUyMTFtMiUyMTFzMHgxNGNhZDg1ZGQ2NjU2YTY3JTI1M0EweGVhY2Q0YmI4ZGE0MzNlM2IlMjEyc1VuaSUyQkdydXAlMjE1ZTAlMjEzbTIlMjExc3RyJTIxMnN0ciUyMTR2MTU2Mjg0NDcwNzA3NCUyMTVtMiUyMTFzdHIlMjEyc3RyJTIyJTIwd2lkdGglM0QlMjI2MDAlMjIlMjBoZWlnaHQlM0QlMjI0NTAlMjIlMjBmcmFtZWJvcmRlciUzRCUyMjAlMjIlMjBzdHlsZSUzRCUyMmJvcmRlciUzQTAlMjIlMjBhbGxvd2Z1bGxzY3JlZW4lM0UlM0MlMkZpZnJhbWUlM0U=&#8221; size=&#8221;330px&#8221;][\/vc_column_inner][vc_column_inner width=&#8221;1\/3&#8243;][stm_contacts_widget class=&#8221;overlay_3&#8243; title=&#8221;Adress Information&#8221; address=&#8221;\u0130stanbul Anadolu Yakas\u0131 OSB 8. Sokak No:3 34953 Ayd\u0131nl\u0131-Tuzla\/\u0130stanbul&#8221; phone=&#8221;+90 216 622 7630&#8243; email=&#8221;info@unigrup.com&#8221; css=&#8221;.vc_custom_1645191808594{padding-top: 46px !important;padding-right: 50px !important;padding-bottom: 46px !important;padding-left: 50px !important;background-image: url(http:\/\/www.unigrup.com.tr\/wp-content\/uploads\/2015\/12\/placeholder.gif?id=33) !important;}&#8221; facebook=&#8221;#&#8221; twitter=&#8221;#&#8221; linkedin=&#8221;#&#8221; google_plus=&#8221;#&#8221; skype=&#8221;#&#8221;][\/vc_column_inner][\/vc_row_inner][\/vc_tta_section][vc_tta_section title=&#8221;Kad\u0131k\u00f6y Office&#8221; tab_id=&#8221;1452509683679-b4680d19-a860&#8243;][vc_row_inner][vc_column_inner width=&#8221;1\/3&#8243;][vc_single_image image=&#8221;5224&#8243; img_size=&#8221;438&#215;438&#8243; alignment=&#8221;center&#8221; css_animation=&#8221;rotateInDownLeft&#8221;][\/vc_column_inner][vc_column_inner width=&#8221;1\/3&#8243;][vc_gmaps link=&#8221;#E-8_JTNDaWZyYW1lJTIwc3JjJTNEJTIyaHR0cHMlM0ElMkYlMkZ3d3cuZ29vZ2xlLmNvbSUyRm1hcHMlMkZlbWJlZCUzRnBiJTNEJTIxMW0xOCUyMTFtMTIlMjExbTMlMjExZDc1Mi45MDg0MDM0NjcwMTQ1JTIxMmQyOS4wMzE2ODg4MjkyMjA0MSUyMTNkNDAuOTg5NTAzMDExMDEyMjklMjEybTMlMjExZjAlMjEyZjAlMjEzZjAlMjEzbTIlMjExaTEwMjQlMjEyaTc2OCUyMTRmMTMuMSUyMTNtMyUyMTFtMiUyMTFzMHgxNGNhYjg2ZjkwMTM2YzRmJTI1M0EweDdlMDIxYmU4NzM5M2FlMGIlMjEyelQzTnRZVzVoeEo5aExDQkxkY1dmWkdsc2FTQkRaQzRnVG04Nk5EY3NJRE0wTnpFMElFdGhaTVN4YThPMmVTX0VzSE4wWVc1aWRXdyUyMTVlMCUyMTNtMiUyMTFzdHIlMjEyc3RyJTIxNHYxNTYyODQ1MzY3MjA1JTIxNW0yJTIxMXN0ciUyMTJzdHIlMjIlMjB3aWR0aCUzRCUyMjYwMCUyMiUyMGhlaWdodCUzRCUyMjQ1MCUyMiUyMGZyYW1lYm9yZGVyJTNEJTIyMCUyMiUyMHN0eWxlJTNEJTIyYm9yZGVyJTNBMCUyMiUyMGFsbG93ZnVsbHNjcmVlbiUzRSUzQyUyRmlmcmFtZSUzRQ==&#8221;][\/vc_column_inner][vc_column_inner width=&#8221;1\/3&#8243;][stm_contacts_widget class=&#8221;overlay_3&#8243; title=&#8221;Adress Information&#8221; address=&#8221;Osmana\u011fa Mah. Ku\u015fdili Cad. Azampalas No:47\/10 Kad\u0131k\u00f6y \u0130stanbul&#8221; phone=&#8221;+90 216 450 2576&#8243; email=&#8221;info@unigrup.com&#8221; facebook=&#8221;#&#8221; twitter=&#8221;#&#8221; linkedin=&#8221;#&#8221; google_plus=&#8221;#&#8221; skype=&#8221;#&#8221; css=&#8221;.vc_custom_1649144609168{padding-top: 46px !important;padding-right: 50px !important;padding-bottom: 46px !important;padding-left: 50px !important;}&#8221;][\/vc_column_inner][\/vc_row_inner][\/vc_tta_section][vc_tta_section title=&#8221;Bostanc\u0131 Office&#8221; tab_id=&#8221;1452509682381-ee09d239-2bfa&#8221;][vc_row_inner][vc_column_inner width=&#8221;1\/3&#8243;][vc_single_image image=&#8221;4658&#8243; img_size=&#8221;438&#215;438&#8243; alignment=&#8221;center&#8221; css_animation=&#8221;rotateInDownRight&#8221;][\/vc_column_inner][vc_column_inner width=&#8221;1\/3&#8243;][vc_gmaps link=&#8221;#E-8_JTNDaWZyYW1lJTIwc3JjJTNEJTIyaHR0cHMlM0ElMkYlMkZ3d3cuZ29vZ2xlLmNvbSUyRm1hcHMlMkZlbWJlZCUzRnBiJTNEJTIxMW0xOCUyMTFtMTIlMjExbTMlMjExZDMwMTMuMjg5NzU3MDQyOTE4JTIxMmQyOS4wOTE0MDk0NTA1NTEwMTIlMjEzZDQwLjk1MzIzMDc3OTIwNDg1JTIxMm0zJTIxMWYwJTIxMmYwJTIxM2YwJTIxM20yJTIxMWkxMDI0JTIxMmk3NjglMjE0ZjEzLjElMjEzbTMlMjExbTIlMjExczB4MTRjYWM2ZTJiNDc3YjllMSUyNTNBMHgxMjllN2U1MTE1YWQ3NWM1JTIxMnpRbTl6ZEdGdVk4U3hMQ0JaWVhwdFlXUEVzU0JVWVdocGNpQlRheTRnVG04Nk5UQXNJRE0wTnpRMElFdGhaTVN4YThPMmVTX0VzSE4wWVc1aWRXdyUyMTVlMCUyMTNtMiUyMTFzdHIlMjEyc3RyJTIxNHYxNjAxMzcyNTE5ODQ3JTIxNW0yJTIxMXN0ciUyMTJzdHIlMjIlMjB3aWR0aCUzRCUyMjYwMCUyMiUyMGhlaWdodCUzRCUyMjQ1MCUyMiUyMGZyYW1lYm9yZGVyJTNEJTIyMCUyMiUyMHN0eWxlJTNEJTIyYm9yZGVyJTNBMCUzQiUyMiUyMGFsbG93ZnVsbHNjcmVlbiUzRCUyMiUyMiUyMGFyaWEtaGlkZGVuJTNEJTIyZmFsc2UlMjIlMjB0YWJpbmRleCUzRCUyMjAlMjIlM0UlM0MlMkZpZnJhbWUlM0U=&#8221;][\/vc_column_inner][vc_column_inner width=&#8221;1\/3&#8243;][stm_contacts_widget class=&#8221;overlay_3&#8243; title=&#8221;Adress Information&#8221; address=&#8221;Bostanc\u0131 Mah. Yazmac\u0131 Tahir Sk. Pilsen Apt A Blok No:58 D:5 Kad\u0131k\u00f6y \u2013 \u0130stanbul&#8221; phone=&#8221;+90 216 380 5003&#8243; email=&#8221;info@unigrup.com&#8221; facebook=&#8221;#&#8221; twitter=&#8221;#&#8221; linkedin=&#8221;#&#8221; google_plus=&#8221;#&#8221; skype=&#8221;#&#8221; css=&#8221;.vc_custom_1649144618878{padding-top: 46px !important;padding-right: 50px !important;padding-bottom: 46px !important;padding-left: 50px !important;}&#8221;][\/vc_column_inner][\/vc_row_inner][\/vc_tta_section][\/vc_tta_tabs][\/vc_column][\/vc_row][vc_row][vc_column width=&#8221;1\/4&#8243;][vc_custom_heading icon_pos=&#8221;top&#8221; text=&#8221;Communication Form&#8221; font_container=&#8221;tag:h2|text_align:center|color:%23e10b16&#8243; use_theme_fonts=&#8221;yes&#8221;][vc_column_text]<\/p>\n<div class=\"vc_custom_heading vc_custom_1602761564844 text_align_left\">\n<div class=\"consulting-custom-title\"><strong>Your Ideas Are Important To Us<\/strong><\/div>\n<\/div>\n<div class=\"wpb_text_column wpb_content_element \">\n<div class=\"wpb_wrapper\">\n<p>We care about your ideas, opinions and suggestions. You can contact us for any questions \/ problems you have in mind.<\/p>\n<\/div>\n<\/div>\n<p>[\/vc_column_text][\/vc_column][vc_column width=&#8221;3\/4&#8243;][vc_raw_html]JTVCZmMlMjBpZCUzRCUyNzIlMjclNUQlNUIlMkZmYyU1RA==[\/vc_raw_html][\/vc_column][\/vc_row]<\/p>\n","protected":false},"excerpt":{"rendered":"<p>[vc_row css=&#8221;.vc_custom_1452509933393{margin-bottom: 41px !important;}&#8221;][vc_column][vc_tta_tabs shape=&#8221;square&#8221; spacing=&#8221;&#8221; active_section=&#8221;1&#8243; no_fill_content_area=&#8221;true&#8221; el_class=&#8221;theme_style&#8221;][vc_tta_section title=&#8221;Unigrup Center&#8221; tab_id=&#8221;1452257567229-e5f623b2-41c0&#8243;][vc_row_inner css=&#8221;.vc_custom_1452504967583{margin-bottom: 33px !important;}&#8221;][vc_column_inner width=&#8221;1\/3&#8243;][vc_single_image image=&#8221;5224&#8243; img_size=&#8221;438&#215;438&#8243; alignment=&#8221;center&#8221; style=&#8221;vc_box_shadow_3d&#8221; css_animation=&#8221;rotateInDownLeft&#8221;][\/vc_column_inner][vc_column_inner width=&#8221;1\/3&#8243;][vc_gmaps link=&#8221;#E-8_JTNDaWZyYW1lJTIwc3JjJTNEJTIyaHR0cHMlM0ElMkYlMkZ3d3cuZ29vZ2xlLmNvbSUyRm1hcHMlMkZlbWJlZCUzRnBiJTNEJTIxMW0xOCUyMTFtMTIlMjExbTMlMjExZDMwMTYuNDE0Nzc4ODYxMTEzNSUyMTJkMjkuMzkwMTc0ODE1MTkxNzE3JTIxM2Q0MC44ODQ3MTU1MzQ5Njg0MzYlMjEybTMlMjExZjAlMjEyZjAlMjEzZjAlMjEzbTIlMjExaTEwMjQlMjEyaTc2OCUyMTRmMTMuMSUyMTNtMyUyMTFtMiUyMTFzMHgxNGNhZDg1ZGQ2NjU2YTY3JTI1M0EweGVhY2Q0YmI4ZGE0MzNlM2IlMjEyc1VuaSUyQkdydXAlMjE1ZTAlMjEzbTIlMjExc3RyJTIxMnN0ciUyMTR2MTU2Mjg0NDcwNzA3NCUyMTVtMiUyMTFzdHIlMjEyc3RyJTIyJTIwd2lkdGglM0QlMjI2MDAlMjIlMjBoZWlnaHQlM0QlMjI0NTAlMjIlMjBmcmFtZWJvcmRlciUzRCUyMjAlMjIlMjBzdHlsZSUzRCUyMmJvcmRlciUzQTAlMjIlMjBhbGxvd2Z1bGxzY3JlZW4lM0UlM0MlMkZpZnJhbWUlM0U=&#8221; size=&#8221;330px&#8221;][\/vc_column_inner][vc_column_inner width=&#8221;1\/3&#8243;][stm_contacts_widget class=&#8221;overlay_3&#8243; title=&#8221;Adress Information&#8221; address=&#8221;\u0130stanbul Anadolu Yakas\u0131 OSB 8. Sokak No:3 34953 Ayd\u0131nl\u0131-Tuzla\/\u0130stanbul&#8221; phone=&#8221;+90 216 622 7630&#8243; email=&#8221;info@unigrup.com&#8221; css=&#8221;.vc_custom_1645191808594{padding-top: 46px !important;padding-right: 50px !important;padding-bottom: 46px !important;padding-left: 50px !important;background-image: url(http:\/\/www.unigrup.com.tr\/wp-content\/uploads\/2015\/12\/placeholder.gif?id=33) !important;}&#8221; facebook=&#8221;#&#8221; twitter=&#8221;#&#8221;<\/p>\n","protected":false},"author":1,"featured_media":0,"parent":0,"menu_order":0,"comment_status":"closed","ping_status":"closed","template":"","meta":{"footnotes":""},"class_list":["post-8601","page","type-page","status-publish","hentry"],"_links":{"self":[{"href":"https:\/\/www.unigrup.com.tr\/en\/wp-json\/wp\/v2\/pages\/8601","targetHints":{"allow":["GET"]}}],"collection":[{"href":"https:\/\/www.unigrup.com.tr\/en\/wp-json\/wp\/v2\/pages"}],"about":[{"href":"https:\/\/www.unigrup.com.tr\/en\/wp-json\/wp\/v2\/types\/page"}],"author":[{"embeddable":true,"href":"https:\/\/www.unigrup.com.tr\/en\/wp-json\/wp\/v2\/users\/1"}],"replies":[{"embeddable":true,"href":"https:\/\/www.unigrup.com.tr\/en\/wp-json\/wp\/v2\/comments?post=8601"}],"version-history":[{"count":6,"href":"https:\/\/www.unigrup.com.tr\/en\/wp-json\/wp\/v2\/pages\/8601\/revisions"}],"predecessor-version":[{"id":10525,"href":"https:\/\/www.unigrup.com.tr\/en\/wp-json\/wp\/v2\/pages\/8601\/revisions\/10525"}],"wp:attachment":[{"href":"https:\/\/www.unigrup.com.tr\/en\/wp-json\/wp\/v2\/media?parent=8601"}],"curies":[{"name":"wp","href":"https:\/\/api.w.org\/{rel}","templated":true}]}}