{"id":8483,"date":"2020-06-15T14:33:26","date_gmt":"2020-06-15T11:33:26","guid":{"rendered":"http:\/\/www.unigrup.com.tr\/?post_type=product&#038;p=8483"},"modified":"2020-06-15T14:33:26","modified_gmt":"2020-06-15T11:33:26","slug":"deta-diethyletriamine","status":"publish","type":"product","link":"https:\/\/www.unigrup.com.tr\/en\/urun\/deta-diethyletriamine\/","title":{"rendered":"DETA &#8211; Diethyletriamine"},"content":{"rendered":"<table class=\"table table-striped\" border=\"0\" width=\"509\" cellspacing=\"1\" cellpadding=\"1\" align=\"center\">\n<tbody>\n<tr>\n<td><strong>Amine, Mole &lt; DETA, wt %<\/strong><\/td>\n<td><strong>\u00a0 \u00a0 \u00a0 \u00a0 \u00a0 \u00a0 0.50 max<\/strong><\/td>\n<\/tr>\n<tr>\n<td><strong>Amine, Mole &gt; DETA, wt. %<\/strong><\/td>\n<td><strong>\u00a0 \u00a0 \u00a0 \u00a0 \u00a0 \u00a0 1.00 max<\/strong><\/td>\n<\/tr>\n<tr>\n<td><strong>Assay, DETA, wt. %<\/strong><\/td>\n<td><strong>\u00a0 \u00a0 \u00a0 \u00a0 \u00a0 \u00a0 98.5 min<\/strong><\/td>\n<\/tr>\n<tr>\n<td><strong>Colour, Pt-Co<\/strong><\/td>\n<td><strong>\u00a0 \u00a0 \u00a0 \u00a0 \u00a0 \u00a0 30 max<\/strong><\/td>\n<\/tr>\n<tr>\n<td><strong>\u00d6zg\u00fcl A\u011f\u0131rl\u0131k, 25\/25<sup>\u00a0o<\/sup>C<\/strong><\/td>\n<td>\u00a0<strong>\u00a0 \u00a0 \u00a0 \u00a0 \u00a0 \u00a0 0.947\u2013 0.951<\/strong><\/td>\n<\/tr>\n<tr>\n<td><strong>Water, wt. %<\/strong><\/td>\n<td>\u00a0<strong>\u00a0 \u00a0 \u00a0 \u00a0 \u00a0 \u00a0 0.50 max<\/strong><\/td>\n<\/tr>\n<tr>\n<td><strong>Density g\/ml; 20\/20<sup>o<\/sup>C<\/strong><\/td>\n<td>\u00a0<strong>\u00a0 \u00a0 \u00a0 \u00a0 \u00a0 \u00a0 0.90<\/strong><\/td>\n<\/tr>\n<tr>\n<td><strong>Amin Value, mg KOH\/g<\/strong><\/td>\n<td>\u00a0<strong>\u00a0 \u00a0 \u00a0 \u00a0 \u00a0 \u00a0 1626<\/strong><\/td>\n<\/tr>\n<tr>\n<td><strong>Boiling Point, 760 mm Hg, \u00b0C (\u00b0F)<\/strong><\/td>\n<td>\u00a0<strong>\u00a0 \u00a0 \u00a0 \u00a0 \u00a0 \u00a0 207 (405)<\/strong><\/td>\n<\/tr>\n<tr>\n<td><strong>Flash Point, PMCC, \u00b0C (\u00b0F)<\/strong><\/td>\n<td>\u00a0<strong>\u00a0 \u00a0 \u00a0 \u00a0 \u00a0 \u00a0 102 (215)<\/strong><\/td>\n<\/tr>\n<tr>\n<td><strong>Freezing Point, \u00b0C<\/strong><\/td>\n<td>\u00a0<strong>\u00a0 \u00a0 \u00a0 \u00a0 \u00a0 \u00a0 \u2013 39<\/strong><\/td>\n<\/tr>\n<tr>\n<td><strong>Molecular Weight, Linear component<\/strong><\/td>\n<td>\u00a0<strong>\u00a0 \u00a0 \u00a0 \u00a0 \u00a0 \u00a0 103.17<\/strong><\/td>\n<\/tr>\n<tr>\n<td><strong>Nitrogen content, %<\/strong><\/td>\n<td>\u00a0<strong>\u00a0 \u00a0 \u00a0 \u00a0 \u00a0 \u00a0 40.6<\/strong><\/td>\n<\/tr>\n<tr>\n<td><strong>pH<\/strong><\/td>\n<td>\u00a0<strong>\u00a0 \u00a0 \u00a0 \u00a0 \u00a0 \u00a0 12-13<\/strong><\/td>\n<\/tr>\n<tr>\n<td><strong>Viscosity, cst, 25\u00b0C (77\u00b0F)<\/strong><\/td>\n<td>\u00a0<strong>\u00a0 \u00a0 \u00a0 \u00a0 \u00a0 \u00a0 4<\/strong><\/td>\n<\/tr>\n<tr>\n<td><strong>Water Solubility<\/strong><\/td>\n<td>\u00a0<strong>\u00a0 \u00a0 \u00a0 \u00a0 \u00a0 \u00a0 &gt;10<\/strong><\/td>\n<\/tr>\n<\/tbody>\n<\/table>\n","protected":false},"excerpt":{"rendered":"<p>DIETHYLENETRIAMINE (DETA) is a linear ethyleneamine containing two primary and one secondary nitrogen. DETA is a single-component product that is clear and colorless, with an ammonia-like odor.<\/p>\n<p>DETA is used for asphalt additives, chelating agents, corrosion inhibitors, drainage aids, epoxy curing agents, fabric softeners, lube oil and fuel additives, mineral processing aids, polyamide resins, surfactants, textile additives, wet-strength resins.<\/p>\n","protected":false},"featured_media":8409,"template":"","meta":[],"product_brand":[],"product_cat":[199],"product_tag":[],"class_list":{"0":"post-8483","1":"product","2":"type-product","3":"status-publish","4":"has-post-thumbnail","6":"product_cat-amines-and-catalysts-en","8":"first","9":"instock","10":"shipping-taxable","11":"product-type-simple"},"_links":{"self":[{"href":"https:\/\/www.unigrup.com.tr\/en\/wp-json\/wp\/v2\/product\/8483","targetHints":{"allow":["GET"]}}],"collection":[{"href":"https:\/\/www.unigrup.com.tr\/en\/wp-json\/wp\/v2\/product"}],"about":[{"href":"https:\/\/www.unigrup.com.tr\/en\/wp-json\/wp\/v2\/types\/product"}],"wp:featuredmedia":[{"embeddable":true,"href":"https:\/\/www.unigrup.com.tr\/en\/wp-json\/wp\/v2\/media\/8409"}],"wp:attachment":[{"href":"https:\/\/www.unigrup.com.tr\/en\/wp-json\/wp\/v2\/media?parent=8483"}],"wp:term":[{"taxonomy":"product_brand","embeddable":true,"href":"https:\/\/www.unigrup.com.tr\/en\/wp-json\/wp\/v2\/product_brand?post=8483"},{"taxonomy":"product_cat","embeddable":true,"href":"https:\/\/www.unigrup.com.tr\/en\/wp-json\/wp\/v2\/product_cat?post=8483"},{"taxonomy":"product_tag","embeddable":true,"href":"https:\/\/www.unigrup.com.tr\/en\/wp-json\/wp\/v2\/product_tag?post=8483"}],"curies":[{"name":"wp","href":"https:\/\/api.w.org\/{rel}","templated":true}]}}