{"id":8485,"date":"2020-06-15T14:45:51","date_gmt":"2020-06-15T11:45:51","guid":{"rendered":"http:\/\/www.unigrup.com.tr\/?post_type=product&#038;p=8485"},"modified":"2020-06-15T14:45:51","modified_gmt":"2020-06-15T11:45:51","slug":"dmcha-nn-dimethylcyclohexylamine-foams","status":"publish","type":"product","link":"https:\/\/www.unigrup.com.tr\/en\/urun\/dmcha-nn-dimethylcyclohexylamine-foams\/","title":{"rendered":"DMCHA &#8211; N,N-dimethylcyclohexylamine foams"},"content":{"rendered":"<table class=\"table table-striped\" border=\"0\" width=\"509\" cellspacing=\"1\" cellpadding=\"1\" align=\"center\">\n<tbody>\n<tr>\n<td><strong>Total Amine meq\/g<\/strong><\/td>\n<td>\u00a0 \u00a0 \u00a0 \u00a0 \u00a0 \u00a0 \u00a0 \u00a0 \u00a0\u00a0<strong>8.0<\/strong><\/td>\n<\/tr>\n<tr>\n<td><strong>Water wt-%<\/strong><\/td>\n<td>\u00a0 \u00a0 \u00a0 \u00a0 \u00a0 \u00a0 \u00a0 \u00a0 \u00a0\u00a0<strong>0.25<\/strong><\/td>\n<\/tr>\n<tr>\n<td><strong>Colour Pt-Co<\/strong><\/td>\n<td>\u00a0 \u00a0 \u00a0 \u00a0 \u00a0 \u00a0 \u00a0 \u00a0 \u00a0\u00a0<strong>A\u00e7\u0131k Sar\u0131<\/strong><\/td>\n<\/tr>\n<tr>\n<td><strong>Freezing point\u00a0<sup>o<\/sup>C<\/strong><\/td>\n<td>\u00a0 \u00a0 \u00a0 \u00a0 \u00a0 \u00a0 \u00a0 \u00a0 \u00a0\u00a0<strong>&lt; -78<\/strong><\/td>\n<\/tr>\n<tr>\n<td><strong>Flash Point PMCC,\u00a0<sup>o<\/sup>C<\/strong><\/td>\n<td>\u00a0 \u00a0 \u00a0 \u00a0 \u00a0 \u00a0 \u00a0 \u00a0 \u00a0\u00a0<strong>40<\/strong><\/td>\n<\/tr>\n<tr>\n<td><strong>Boiling Point 756mmHg,\u00a0<\/strong><sup>o<\/sup><strong>C<\/strong><\/td>\n<td>\u00a0\u00a0 \u00a0 \u00a0 \u00a0 \u00a0 \u00a0 \u00a0 \u00a0 \u00a0\u00a0<strong>160<\/strong><\/td>\n<\/tr>\n<tr>\n<td><strong>Viscosity, cp @20<sup>o<\/sup>C<\/strong><\/td>\n<td>\u00a0\u00a0 \u00a0 \u00a0 \u00a0 \u00a0 \u00a0 \u00a0 \u00a0 \u00a0\u00a0<strong>2,4<\/strong><\/td>\n<\/tr>\n<tr>\n<td><strong>Density g\/ml; 20\/20<sup>o<\/sup>C<\/strong><\/td>\n<td>\u00a0\u00a0 \u00a0 \u00a0 \u00a0 \u00a0 \u00a0 \u00a0 \u00a0 \u00a0\u00a0<strong>0.85<\/strong><\/td>\n<\/tr>\n<\/tbody>\n<\/table>\n","protected":false},"excerpt":{"rendered":"<p>DMCHA catalyst is a strongly basic, general purpose catalyst recommended for a broad range of rigid and semirigid urethane foams, including spray, slabstock, laminations and refrigeration insulation panels.<\/p>\n<p>DMCHA catalyst, which is readily soluble in most polyols and organic solvents but essentially insoluble in water, shows excellent stability in B-compounds and can be batched with polyols or metered separately.<\/p>\n","protected":false},"featured_media":8409,"template":"","meta":[],"product_brand":[],"product_cat":[199,198],"product_tag":[316,317],"class_list":{"0":"post-8485","1":"product","2":"type-product","3":"status-publish","4":"has-post-thumbnail","6":"product_cat-amines-and-catalysts-en","7":"product_cat-pu-epoxy-and-paint-raw-materials","8":"product_tag-millenials-en","9":"product_tag-wealth-en","11":"first","12":"instock","13":"shipping-taxable","14":"product-type-simple"},"_links":{"self":[{"href":"https:\/\/www.unigrup.com.tr\/en\/wp-json\/wp\/v2\/product\/8485","targetHints":{"allow":["GET"]}}],"collection":[{"href":"https:\/\/www.unigrup.com.tr\/en\/wp-json\/wp\/v2\/product"}],"about":[{"href":"https:\/\/www.unigrup.com.tr\/en\/wp-json\/wp\/v2\/types\/product"}],"wp:featuredmedia":[{"embeddable":true,"href":"https:\/\/www.unigrup.com.tr\/en\/wp-json\/wp\/v2\/media\/8409"}],"wp:attachment":[{"href":"https:\/\/www.unigrup.com.tr\/en\/wp-json\/wp\/v2\/media?parent=8485"}],"wp:term":[{"taxonomy":"product_brand","embeddable":true,"href":"https:\/\/www.unigrup.com.tr\/en\/wp-json\/wp\/v2\/product_brand?post=8485"},{"taxonomy":"product_cat","embeddable":true,"href":"https:\/\/www.unigrup.com.tr\/en\/wp-json\/wp\/v2\/product_cat?post=8485"},{"taxonomy":"product_tag","embeddable":true,"href":"https:\/\/www.unigrup.com.tr\/en\/wp-json\/wp\/v2\/product_tag?post=8485"}],"curies":[{"name":"wp","href":"https:\/\/api.w.org\/{rel}","templated":true}]}}