{"id":8737,"date":"2020-06-23T11:20:23","date_gmt":"2020-06-23T08:20:23","guid":{"rendered":"http:\/\/www.unigrup.com.tr\/urun\/pigmentan-m-fg\/"},"modified":"2021-05-27T12:50:23","modified_gmt":"2021-05-27T09:50:23","slug":"pigmentan-m-fg","status":"publish","type":"product","link":"https:\/\/www.unigrup.com.tr\/en\/urun\/pigmentan-m-fg\/","title":{"rendered":"Pigmentan 465M FG"},"content":{"rendered":"<table class=\"table table-striped\" border=\"0\" width=\"509\" cellspacing=\"1\" cellpadding=\"1\" align=\"center\">\n<tbody>\n<tr>\n<td><strong>pH (water)<\/strong><\/td>\n<td><strong>9,5-10.8<\/strong><\/td>\n<\/tr>\n<tr>\n<td><strong>Particle Size Distribution (micron)<\/strong><\/p>\n<p><strong>D (99)<\/strong><\/p>\n<p><strong>D (50)<\/strong><\/td>\n<td>&nbsp;<\/p>\n<p><strong>5 max<\/strong><\/p>\n<p><strong>1-2<\/strong><\/td>\n<\/tr>\n<tr>\n<td><strong>Solubility (g\/100ml water)<\/strong><\/td>\n<td><strong>0.3 max<\/strong><\/td>\n<\/tr>\n<tr>\n<td><strong>Volatiles (%)<\/strong><\/td>\n<td><strong>2,5 max.<\/strong><\/td>\n<\/tr>\n<tr>\n<td><strong>Density (g\/ml)<\/strong><\/td>\n<td><strong>2,05 -2,35<\/strong><\/td>\n<\/tr>\n<tr>\n<td><strong>Oil Absorption\u00a0 (g\/100g)<\/strong><\/td>\n<td><strong>45-70<\/strong><\/td>\n<\/tr>\n<\/tbody>\n<\/table>\n<p>&nbsp;<\/p>\n<p>Tavsiye edilen ba\u015flang\u0131\u00e7 form\u00fclleri i\u00e7in l\u00fctfen bizimle temasa ge\u00e7iniz.<\/p>\n","protected":false},"excerpt":{"rendered":"<p class=\"p1\"><span class=\"s1\">Pigmentan 465M FG <\/span><span class=\"s2\">is an oxyaminophosphate salt of magnesium.<\/span><\/p>\n<p class=\"p3\"><span class=\"s2\">Pigmentan 465M FG, that is non toxic and does not contain heavy metals such as zinc or other hazardous ingredients, complies with REACH and ROSH directives.<\/span><\/p>\n<p class=\"p1\"><span class=\"s1\">Pigmentan 465M FG <\/span><span class=\"s2\">is a white non-refractive anticorrosive pigment used as multy<\/span><span class=\"s2\">porpose inhibitor for metal primers \u2013 alkyds, two-pack epoxy, polyurethane and polyester <\/span><span class=\"s2\">in solvent based as well as in various water based systems.<\/span><\/p>\n<p class=\"p1\"><span class=\"s1\">Pigmentan 465M FG <\/span><span class=\"s2\">can substitute zinc phosphate and chromate compounds at lower <\/span><span class=\"s2\">loadings by weight, providing superior protection for all metals.<\/span><\/p>\n<p class=\"p1\"><span class=\"s1\">Pigmentan 465M FG <\/span><span class=\"s2\">provides excellent performance and cost effectiveness to the <\/span><span class=\"s2\">paint formulator.<\/span><\/p>\n<p class=\"p1\"><span class=\"s1\">Pigmentan 465M FG <\/span><span class=\"s2\">is an excellent non-chrome substitute for strontium and other <\/span><span class=\"s2\">chromate compounds in aluminum primers and is excellent for wash primers, in addition to <\/span><span class=\"s2\">its high efficiency in primers for ferrous metals.<\/span><\/p>\n","protected":false},"featured_media":10393,"template":"","meta":[],"product_brand":[],"product_cat":[202,198],"product_tag":[],"class_list":{"0":"post-8737","1":"product","2":"type-product","3":"status-publish","4":"has-post-thumbnail","6":"product_cat-anticorrosive-en","7":"product_cat-pu-epoxy-and-paint-raw-materials","9":"first","10":"instock","11":"shipping-taxable","12":"product-type-simple"},"_links":{"self":[{"href":"https:\/\/www.unigrup.com.tr\/en\/wp-json\/wp\/v2\/product\/8737","targetHints":{"allow":["GET"]}}],"collection":[{"href":"https:\/\/www.unigrup.com.tr\/en\/wp-json\/wp\/v2\/product"}],"about":[{"href":"https:\/\/www.unigrup.com.tr\/en\/wp-json\/wp\/v2\/types\/product"}],"wp:featuredmedia":[{"embeddable":true,"href":"https:\/\/www.unigrup.com.tr\/en\/wp-json\/wp\/v2\/media\/10393"}],"wp:attachment":[{"href":"https:\/\/www.unigrup.com.tr\/en\/wp-json\/wp\/v2\/media?parent=8737"}],"wp:term":[{"taxonomy":"product_brand","embeddable":true,"href":"https:\/\/www.unigrup.com.tr\/en\/wp-json\/wp\/v2\/product_brand?post=8737"},{"taxonomy":"product_cat","embeddable":true,"href":"https:\/\/www.unigrup.com.tr\/en\/wp-json\/wp\/v2\/product_cat?post=8737"},{"taxonomy":"product_tag","embeddable":true,"href":"https:\/\/www.unigrup.com.tr\/en\/wp-json\/wp\/v2\/product_tag?post=8737"}],"curies":[{"name":"wp","href":"https:\/\/api.w.org\/{rel}","templated":true}]}}